{"id":4915,"date":"2022-09-21T09:29:31","date_gmt":"2022-09-21T09:29:31","guid":{"rendered":"https:\/\/pateos.pt\/home\/"},"modified":"2026-02-27T11:56:10","modified_gmt":"2026-02-27T11:56:10","slug":"home","status":"publish","type":"page","link":"https:\/\/pateos.pt\/pt-pt\/","title":{"rendered":"Home"},"content":{"rendered":"","protected":false},"excerpt":{"rendered":"","protected":false},"author":2,"featured_media":0,"parent":0,"menu_order":12,"comment_status":"closed","ping_status":"closed","template":"","meta":{"_acf_changed":false,"footnotes":""},"class_list":["post-4915","page","type-page","status-publish","hentry"],"acf":[],"yoast_head":"<!-- This site is optimized with the Yoast SEO plugin v26.1.1 - https:\/\/yoast.com\/wordpress\/plugins\/seo\/ -->\n<title>Pat\u00ea.os | Hotel de praia em Portugal<\/title>\n<meta name=\"description\" content=\"Um verdadeiro lar longe de casa, as quatro villas contempor\u00e2neas do Pa.te.os foram projectadas pelo arquitecto portugu\u00eas Manuel Aires Mateus.\" \/>\n<meta name=\"robots\" content=\"index, follow, max-snippet:-1, max-image-preview:large, max-video-preview:-1\" \/>\n<link rel=\"canonical\" href=\"https:\/\/pateos.pt\/pt-pt\/\" \/>\n<meta property=\"og:locale\" content=\"pt_PT\" \/>\n<meta property=\"og:type\" content=\"article\" \/>\n<meta property=\"og:title\" content=\"Pat\u00ea.os | Hotel de praia em Portugal\" \/>\n<meta property=\"og:description\" content=\"Um verdadeiro lar longe de casa, as quatro villas contempor\u00e2neas do Pa.te.os foram projectadas pelo arquitecto portugu\u00eas Manuel Aires Mateus.\" \/>\n<meta property=\"og:url\" content=\"https:\/\/pateos.pt\/pt-pt\/\" \/>\n<meta property=\"og:site_name\" content=\"Pa.te.os\" \/>\n<meta property=\"article:modified_time\" content=\"2026-02-27T11:56:10+00:00\" \/>\n<meta name=\"twitter:card\" content=\"summary_large_image\" \/>\n<meta name=\"twitter:label1\" content=\"Tempo estimado de leitura\" \/>\n\t<meta name=\"twitter:data1\" content=\"4 minutos\" \/>\n<script type=\"application\/ld+json\" class=\"yoast-schema-graph\">{\"@context\":\"https:\/\/schema.org\",\"@graph\":[{\"@type\":\"WebPage\",\"@id\":\"https:\/\/pateos.pt\/pt-pt\/\",\"url\":\"https:\/\/pateos.pt\/pt-pt\/\",\"name\":\"Pat\u00ea.os | Hotel de praia em Portugal\",\"isPartOf\":{\"@id\":\"https:\/\/pateos.pt\/pt-pt\/#website\"},\"datePublished\":\"2022-09-21T09:29:31+00:00\",\"dateModified\":\"2026-02-27T11:56:10+00:00\",\"description\":\"Um verdadeiro lar longe de casa, as quatro villas contempor\u00e2neas do Pa.te.os foram projectadas pelo arquitecto portugu\u00eas Manuel Aires Mateus.\",\"breadcrumb\":{\"@id\":\"https:\/\/pateos.pt\/pt-pt\/#breadcrumb\"},\"inLanguage\":\"pt-PT\",\"potentialAction\":[{\"@type\":\"ReadAction\",\"target\":[\"https:\/\/pateos.pt\/pt-pt\/\"]}]},{\"@type\":\"BreadcrumbList\",\"@id\":\"https:\/\/pateos.pt\/pt-pt\/#breadcrumb\",\"itemListElement\":[{\"@type\":\"ListItem\",\"position\":1,\"name\":\"Home\",\"item\":\"https:\/\/pateos.pt\/pt-pt\/home\/\"},{\"@type\":\"ListItem\",\"position\":2,\"name\":\"Home\"}]},{\"@type\":\"WebSite\",\"@id\":\"https:\/\/pateos.pt\/pt-pt\/#website\",\"url\":\"https:\/\/pateos.pt\/pt-pt\/\",\"name\":\"Pa.te.os\",\"description\":\"A Home Away From Home\",\"publisher\":{\"@id\":\"https:\/\/pateos.pt\/pt-pt\/#organization\"},\"potentialAction\":[{\"@type\":\"SearchAction\",\"target\":{\"@type\":\"EntryPoint\",\"urlTemplate\":\"https:\/\/pateos.pt\/pt-pt\/?s={search_term_string}\"},\"query-input\":{\"@type\":\"PropertyValueSpecification\",\"valueRequired\":true,\"valueName\":\"search_term_string\"}}],\"inLanguage\":\"pt-PT\"},{\"@type\":\"Organization\",\"@id\":\"https:\/\/pateos.pt\/pt-pt\/#organization\",\"name\":\"Pa.te.os\",\"url\":\"https:\/\/pateos.pt\/pt-pt\/\",\"logo\":{\"@type\":\"ImageObject\",\"inLanguage\":\"pt-PT\",\"@id\":\"https:\/\/pateos.pt\/pt-pt\/#\/schema\/logo\/image\/\",\"url\":\"https:\/\/pateos.pt\/wp-content\/uploads\/2025\/11\/cropped-pa.te_.os_.png\",\"contentUrl\":\"https:\/\/pateos.pt\/wp-content\/uploads\/2025\/11\/cropped-pa.te_.os_.png\",\"width\":512,\"height\":512,\"caption\":\"Pa.te.os\"},\"image\":{\"@id\":\"https:\/\/pateos.pt\/pt-pt\/#\/schema\/logo\/image\/\"}}]}<\/script>\n<!-- \/ Yoast SEO plugin. -->","yoast_head_json":{"title":"Pat\u00ea.os | Hotel de praia em Portugal","description":"Um verdadeiro lar longe de casa, as quatro villas contempor\u00e2neas do Pa.te.os foram projectadas pelo arquitecto portugu\u00eas Manuel Aires Mateus.","robots":{"index":"index","follow":"follow","max-snippet":"max-snippet:-1","max-image-preview":"max-image-preview:large","max-video-preview":"max-video-preview:-1"},"canonical":"https:\/\/pateos.pt\/pt-pt\/","og_locale":"pt_PT","og_type":"article","og_title":"Pat\u00ea.os | Hotel de praia em Portugal","og_description":"Um verdadeiro lar longe de casa, as quatro villas contempor\u00e2neas do Pa.te.os foram projectadas pelo arquitecto portugu\u00eas Manuel Aires Mateus.","og_url":"https:\/\/pateos.pt\/pt-pt\/","og_site_name":"Pa.te.os","article_modified_time":"2026-02-27T11:56:10+00:00","twitter_card":"summary_large_image","twitter_misc":{"Tempo estimado de leitura":"4 minutos"},"schema":{"@context":"https:\/\/schema.org","@graph":[{"@type":"WebPage","@id":"https:\/\/pateos.pt\/pt-pt\/","url":"https:\/\/pateos.pt\/pt-pt\/","name":"Pat\u00ea.os | Hotel de praia em Portugal","isPartOf":{"@id":"https:\/\/pateos.pt\/pt-pt\/#website"},"datePublished":"2022-09-21T09:29:31+00:00","dateModified":"2026-02-27T11:56:10+00:00","description":"Um verdadeiro lar longe de casa, as quatro villas contempor\u00e2neas do Pa.te.os foram projectadas pelo arquitecto portugu\u00eas Manuel Aires Mateus.","breadcrumb":{"@id":"https:\/\/pateos.pt\/pt-pt\/#breadcrumb"},"inLanguage":"pt-PT","potentialAction":[{"@type":"ReadAction","target":["https:\/\/pateos.pt\/pt-pt\/"]}]},{"@type":"BreadcrumbList","@id":"https:\/\/pateos.pt\/pt-pt\/#breadcrumb","itemListElement":[{"@type":"ListItem","position":1,"name":"Home","item":"https:\/\/pateos.pt\/pt-pt\/home\/"},{"@type":"ListItem","position":2,"name":"Home"}]},{"@type":"WebSite","@id":"https:\/\/pateos.pt\/pt-pt\/#website","url":"https:\/\/pateos.pt\/pt-pt\/","name":"Pa.te.os","description":"A Home Away From Home","publisher":{"@id":"https:\/\/pateos.pt\/pt-pt\/#organization"},"potentialAction":[{"@type":"SearchAction","target":{"@type":"EntryPoint","urlTemplate":"https:\/\/pateos.pt\/pt-pt\/?s={search_term_string}"},"query-input":{"@type":"PropertyValueSpecification","valueRequired":true,"valueName":"search_term_string"}}],"inLanguage":"pt-PT"},{"@type":"Organization","@id":"https:\/\/pateos.pt\/pt-pt\/#organization","name":"Pa.te.os","url":"https:\/\/pateos.pt\/pt-pt\/","logo":{"@type":"ImageObject","inLanguage":"pt-PT","@id":"https:\/\/pateos.pt\/pt-pt\/#\/schema\/logo\/image\/","url":"https:\/\/pateos.pt\/wp-content\/uploads\/2025\/11\/cropped-pa.te_.os_.png","contentUrl":"https:\/\/pateos.pt\/wp-content\/uploads\/2025\/11\/cropped-pa.te_.os_.png","width":512,"height":512,"caption":"Pa.te.os"},"image":{"@id":"https:\/\/pateos.pt\/pt-pt\/#\/schema\/logo\/image\/"}}]}},"_links":{"self":[{"href":"https:\/\/pateos.pt\/pt-pt\/wp-json\/wp\/v2\/pages\/4915","targetHints":{"allow":["GET"]}}],"collection":[{"href":"https:\/\/pateos.pt\/pt-pt\/wp-json\/wp\/v2\/pages"}],"about":[{"href":"https:\/\/pateos.pt\/pt-pt\/wp-json\/wp\/v2\/types\/page"}],"author":[{"embeddable":true,"href":"https:\/\/pateos.pt\/pt-pt\/wp-json\/wp\/v2\/users\/2"}],"replies":[{"embeddable":true,"href":"https:\/\/pateos.pt\/pt-pt\/wp-json\/wp\/v2\/comments?post=4915"}],"version-history":[{"count":16,"href":"https:\/\/pateos.pt\/pt-pt\/wp-json\/wp\/v2\/pages\/4915\/revisions"}],"predecessor-version":[{"id":5858,"href":"https:\/\/pateos.pt\/pt-pt\/wp-json\/wp\/v2\/pages\/4915\/revisions\/5858"}],"wp:attachment":[{"href":"https:\/\/pateos.pt\/pt-pt\/wp-json\/wp\/v2\/media?parent=4915"}],"curies":[{"name":"wp","href":"https:\/\/api.w.org\/{rel}","templated":true}]}}